{"id":382,"date":"2020-04-16T11:46:59","date_gmt":"2020-04-16T11:46:59","guid":{"rendered":"http:\/\/christiana-staging.y8yxqwmm1b-58e60yov4d7r.production-example.runcloud.site\/?page_id=382"},"modified":"2020-04-23T22:57:54","modified_gmt":"2020-04-23T12:57:54","slug":"impressum","status":"publish","type":"page","link":"https:\/\/christianaaloneftis.com\/de\/impressum\/","title":{"rendered":"Impressum"},"content":{"rendered":"<div data-elementor-type=\"wp-page\" data-elementor-id=\"382\" class=\"elementor elementor-382\" data-elementor-post-type=\"page\">\n\t\t\t\t\t\t<section class=\"elementor-section elementor-top-section elementor-element elementor-element-6600fff elementor-section-height-min-height elementor-section-items-stretch elementor-section-full_width elementor-section-height-default\" data-id=\"6600fff\" data-element_type=\"section\" data-e-type=\"section\" data-settings=\"{&quot;background_background&quot;:&quot;classic&quot;}\">\n\t\t\t\t\t\t\t<div class=\"elementor-background-overlay\"><\/div>\n\t\t\t\t\t\t\t<div class=\"elementor-container elementor-column-gap-no\">\n\t\t\t\t\t<div class=\"elementor-column elementor-col-100 elementor-top-column elementor-element elementor-element-f554938\" data-id=\"f554938\" data-element_type=\"column\" data-e-type=\"column\">\n\t\t\t<div class=\"elementor-widget-wrap elementor-element-populated\">\n\t\t\t\t\t\t<div class=\"elementor-element elementor-element-7e688dd elementor-widget elementor-widget-template\" data-id=\"7e688dd\" data-element_type=\"widget\" data-e-type=\"widget\" data-widget_type=\"template.default\">\n\t\t\t\t<div class=\"elementor-widget-container\">\n\t\t\t\t\t\t\t<div class=\"elementor-template\">\n\t\t\t\t\t<div data-elementor-type=\"section\" data-elementor-id=\"357\" class=\"elementor elementor-357\" data-elementor-post-type=\"elementor_library\">\n\t\t\t\t\t<section class=\"elementor-section elementor-top-section elementor-element elementor-element-688515f7 elementor-section-height-min-height elementor-section-items-stretch elementor-section-boxed elementor-section-height-default\" data-id=\"688515f7\" data-element_type=\"section\" data-e-type=\"section\" data-settings=\"{&quot;background_background&quot;:&quot;classic&quot;}\">\n\t\t\t\t\t\t\t<div class=\"elementor-background-overlay\"><\/div>\n\t\t\t\t\t\t\t<div class=\"elementor-container elementor-column-gap-default\">\n\t\t\t\t\t<div class=\"elementor-column elementor-col-100 elementor-top-column elementor-element elementor-element-2c090c\" data-id=\"2c090c\" data-element_type=\"column\" data-e-type=\"column\" data-settings=\"{&quot;background_background&quot;:&quot;classic&quot;}\">\n\t\t\t<div class=\"elementor-widget-wrap elementor-element-populated\">\n\t\t\t\t\t\t<div class=\"elementor-element elementor-element-4c8854a7 animated-fast elementor-widget elementor-widget-heading\" data-id=\"4c8854a7\" data-element_type=\"widget\" data-e-type=\"widget\" data-settings=\"{&quot;_animation&quot;:&quot;none&quot;,&quot;_animation_delay&quot;:0}\" data-widget_type=\"heading.default\">\n\t\t\t\t<div class=\"elementor-widget-container\">\n\t\t\t\t\t<h1 class=\"elementor-heading-title elementor-size-default\">Impressum<\/h1>\t\t\t\t<\/div>\n\t\t\t\t<\/div>\n\t\t\t\t\t<\/div>\n\t\t<\/div>\n\t\t\t\t\t<\/div>\n\t\t<\/section>\n\t\t\t\t<\/div>\n\t\t\t\t<\/div>\n\t\t\t\t\t\t<\/div>\n\t\t\t\t<\/div>\n\t\t\t\t\t<\/div>\n\t\t<\/div>\n\t\t\t\t\t<\/div>\n\t\t<\/section>\n\t\t\t\t<section class=\"elementor-section elementor-top-section elementor-element elementor-element-8e47bdc elementor-section-boxed elementor-section-height-default elementor-section-height-default\" data-id=\"8e47bdc\" data-element_type=\"section\" data-e-type=\"section\">\n\t\t\t\t\t\t<div class=\"elementor-container elementor-column-gap-default\">\n\t\t\t\t\t<div class=\"elementor-column elementor-col-100 elementor-top-column elementor-element elementor-element-07e1c73\" data-id=\"07e1c73\" data-element_type=\"column\" data-e-type=\"column\">\n\t\t\t<div class=\"elementor-widget-wrap elementor-element-populated\">\n\t\t\t\t\t\t<div class=\"elementor-element elementor-element-9f94862 animated-fast elementor-invisible elementor-widget elementor-widget-text-editor\" data-id=\"9f94862\" data-element_type=\"widget\" data-e-type=\"widget\" data-settings=\"{&quot;_animation&quot;:&quot;fadeIn&quot;}\" data-widget_type=\"text-editor.default\">\n\t\t\t\t<div class=\"elementor-widget-container\">\n\t\t\t\t\t\t\t\t\t<p>Angaben gem\u00e4\u00df \u00a7 5 TMG<\/p><p>Christiana Aloneftis<br \/>M\u00fcnchen<\/p><h5>\u00a0<\/h5><h5>Vertreten durch:<\/h5><p>Christiana Aloneftis<\/p><h5>\u00a0<\/h5><h5>Kontakt:<\/h5><p>E-Mail: contact@christianaaloneftis.com<\/p><h5>\u00a0<\/h5><h5>Umsatzsteuer-ID:<\/h5><p>Umsatzsteuer-Identifikationsnummer gem\u00e4\u00df \u00a727a Umsatzsteuergesetz: 14410691923<\/p><h5>Wirtschafts-ID:<\/h5><p>14410691923<\/p><h5>Haftungsausschluss:<\/h5><h5>Haftung f\u00fcr Links<\/h5><p>Unser Angebot enth\u00e4lt Links zu externen Webseiten Dritter, auf deren Inhalte wir keinen Einfluss haben. Deshalb k\u00f6nnen wir f\u00fcr diese fremden Inhalte auch keine Gew\u00e4hr \u00fcbernehmen. F\u00fcr die Inhalte der verlinkten Seiten ist stets der jeweilige Anbieter oder Betreiber der Seiten verantwortlich. Die verlinkten Seiten wurden zum Zeitpunkt der Verlinkung auf m\u00f6gliche Rechtsverst\u00f6\u00dfe \u00fcberpr\u00fcft. Rechtswidrige Inhalte waren zum Zeitpunkt der Verlinkung nicht erkennbar. Eine permanente inhaltliche Kontrolle der verlinkten Seiten ist jedoch ohne konkrete Anhaltspunkte einer Rechtsverletzung nicht zumutbar. Bei Bekanntwerden von Rechtsverletzungen werden wir derartige Links umgehend entfernen.<\/p><h5>Datenschutz<\/h5><p>Die Nutzung unserer Webseite ist in der Regel ohne Angabe personenbezogener Daten m\u00f6glich. Soweit auf unseren Seiten personenbezogene Daten (beispielsweise Name, Anschrift oder eMail-Adressen) erhoben werden, erfolgt dies, soweit m\u00f6glich, stets auf freiwilliger Basis. Diese Daten werden ohne Ihre ausdr\u00fcckliche Zustimmung nicht an Dritte weitergegeben.<br \/>Wir weisen darauf hin, dass die Daten\u00fcbertragung im Internet (z.B. bei der Kommunikation per E-Mail) Sicherheitsl\u00fccken aufweisen kann. Ein l\u00fcckenloser Schutz der Daten vor dem Zugriff durch Dritte ist nicht m\u00f6glich.<br \/>Der Nutzung von im Rahmen der Impressumspflicht ver\u00f6ffentlichten Kontaktdaten durch Dritte zur \u00dcbersendung von nicht ausdr\u00fccklich angeforderter Werbung und Informationsmaterialien wird hiermit ausdr\u00fccklich widersprochen. Die Betreiber der Seiten behalten sich ausdr\u00fccklich rechtliche Schritte im Falle der unverlangten Zusendung von Werbeinformationen, etwa durch Spam-Mails, vor.<\/p><h5>Google Analytics<\/h5><p>Diese Website benutzt Google Analytics, einen Webanalysedienst der Google Inc. (\u201dGoogle\u201d). Google Analytics verwendet sog. \u201dCookies\u201d, Textdateien, die auf Ihrem Computer gespeichert werden und die eine Analyse der Benutzung der Website durch Sie erm\u00f6glicht. Die durch den Cookie erzeugten Informationen \u00fcber Ihre Benutzung dieser Website (einschlie\u00dflich Ihrer IP-Adresse) wird an einen Server von Google in den USA \u00fcbertragen und dort gespeichert. Google wird diese Informationen benutzen, um Ihre Nutzung der Website auszuwerten, um Reports \u00fcber die Websiteaktivit\u00e4ten f\u00fcr die Websitebetreiber zusammenzustellen und um weitere mit der Websitenutzung und der Internetnutzung verbundene Dienstleistungen zu erbringen. Auch wird Google diese Informationen gegebenenfalls an Dritte \u00fcbertragen, sofern dies gesetzlich vorgeschrieben oder soweit Dritte diese Daten im Auftrag von Google verarbeiten. Google wird in keinem Fall Ihre IP-Adresse mit anderen Daten der Google in Verbindung bringen. Sie k\u00f6nnen die Installation der Cookies durch eine entsprechende Einstellung Ihrer Browser Software verhindern; wir weisen Sie jedoch darauf hin, dass Sie in diesem Fall gegebenenfalls nicht s\u00e4mtliche Funktionen dieser Website voll umf\u00e4nglich nutzen k\u00f6nnen. Durch die Nutzung dieser Website erkl\u00e4ren Sie sich mit der Bearbeitung der \u00fcber Sie erhobenen Daten durch Google in der zuvor beschriebenen Art und Weise und zu dem zuvor benannten Zweck einverstanden.<\/p>\t\t\t\t\t\t\t\t<\/div>\n\t\t\t\t<\/div>\n\t\t\t\t\t<\/div>\n\t\t<\/div>\n\t\t\t\t\t<\/div>\n\t\t<\/section>\n\t\t\t\t<\/div>","protected":false},"excerpt":{"rendered":"<p>Angaben gem\u00e4\u00df \u00a7 5 TMG Christiana AloneftisM\u00fcnchen \u00a0 Vertreten durch: Christiana Aloneftis \u00a0 Kontakt: E-Mail: contact@christianaaloneftis.com \u00a0 Umsatzsteuer-ID: Umsatzsteuer-Identifikationsnummer gem\u00e4\u00df \u00a727a Umsatzsteuergesetz: 14410691923 Wirtschafts-ID: 14410691923 Haftungsausschluss: Haftung f\u00fcr Links Unser Angebot enth\u00e4lt Links zu externen Webseiten Dritter, auf deren Inhalte wir keinen Einfluss haben. Deshalb k\u00f6nnen wir f\u00fcr diese fremden Inhalte auch keine Gew\u00e4hr \u00fcbernehmen. [&hellip;]<\/p>\n","protected":false},"author":1,"featured_media":0,"parent":0,"menu_order":0,"comment_status":"closed","ping_status":"closed","template":"elementor_header_footer","meta":{"footnotes":""},"class_list":["post-382","page","type-page","status-publish","hentry"],"yoast_head":"<!-- This site is optimized with the Yoast SEO plugin v27.5 - https:\/\/yoast.com\/product\/yoast-seo-wordpress\/ -->\n<title>Impressum | Christiana Aloneftis<\/title>\n<meta name=\"robots\" content=\"index, follow, max-snippet:-1, max-image-preview:large, max-video-preview:-1\" \/>\n<link rel=\"canonical\" href=\"https:\/\/christianaaloneftis.com\/de\/impressum\/\" \/>\n<meta property=\"og:locale\" content=\"de_DE\" \/>\n<meta property=\"og:type\" content=\"article\" \/>\n<meta property=\"og:title\" content=\"Impressum | Christiana Aloneftis\" \/>\n<meta property=\"og:description\" content=\"Angaben gem\u00e4\u00df \u00a7 5 TMG Christiana AloneftisM\u00fcnchen \u00a0 Vertreten durch: Christiana Aloneftis \u00a0 Kontakt: E-Mail: contact@christianaaloneftis.com \u00a0 Umsatzsteuer-ID: Umsatzsteuer-Identifikationsnummer gem\u00e4\u00df \u00a727a Umsatzsteuergesetz: 14410691923 Wirtschafts-ID: 14410691923 Haftungsausschluss: Haftung f\u00fcr Links Unser Angebot enth\u00e4lt Links zu externen Webseiten Dritter, auf deren Inhalte wir keinen Einfluss haben. Deshalb k\u00f6nnen wir f\u00fcr diese fremden Inhalte auch keine Gew\u00e4hr \u00fcbernehmen. [&hellip;]\" \/>\n<meta property=\"og:url\" content=\"https:\/\/christianaaloneftis.com\/de\/impressum\/\" \/>\n<meta property=\"og:site_name\" content=\"Christiana Aloneftis\" \/>\n<meta property=\"article:modified_time\" content=\"2020-04-23T12:57:54+00:00\" \/>\n<meta name=\"twitter:card\" content=\"summary_large_image\" \/>\n<meta name=\"twitter:label1\" content=\"Gesch\u00e4tzte Lesezeit\" \/>\n\t<meta name=\"twitter:data1\" content=\"2\u00a0Minuten\" \/>\n<script type=\"application\/ld+json\" class=\"yoast-schema-graph\">{\"@context\":\"https:\\\/\\\/schema.org\",\"@graph\":[{\"@type\":\"WebPage\",\"@id\":\"https:\\\/\\\/christianaaloneftis.com\\\/impressum\\\/\",\"url\":\"https:\\\/\\\/christianaaloneftis.com\\\/impressum\\\/\",\"name\":\"Impressum | Christiana Aloneftis\",\"isPartOf\":{\"@id\":\"https:\\\/\\\/christianaaloneftis.com\\\/#website\"},\"datePublished\":\"2020-04-16T11:46:59+00:00\",\"dateModified\":\"2020-04-23T12:57:54+00:00\",\"breadcrumb\":{\"@id\":\"https:\\\/\\\/christianaaloneftis.com\\\/impressum\\\/#breadcrumb\"},\"inLanguage\":\"de\",\"potentialAction\":[{\"@type\":\"ReadAction\",\"target\":[\"https:\\\/\\\/christianaaloneftis.com\\\/impressum\\\/\"]}]},{\"@type\":\"BreadcrumbList\",\"@id\":\"https:\\\/\\\/christianaaloneftis.com\\\/impressum\\\/#breadcrumb\",\"itemListElement\":[{\"@type\":\"ListItem\",\"position\":1,\"name\":\"Home\",\"item\":\"https:\\\/\\\/christianaaloneftis.com\\\/\"},{\"@type\":\"ListItem\",\"position\":2,\"name\":\"Impressum\"}]},{\"@type\":\"WebSite\",\"@id\":\"https:\\\/\\\/christianaaloneftis.com\\\/#website\",\"url\":\"https:\\\/\\\/christianaaloneftis.com\\\/\",\"name\":\"Christiana Aloneftis \u2013 Soprano\",\"description\":\"Greek-Cypriot Australian Soprano Lirico\",\"publisher\":{\"@id\":\"https:\\\/\\\/christianaaloneftis.com\\\/#\\\/schema\\\/person\\\/fef33a9266dd65091195c3c3272e9e85\"},\"potentialAction\":[{\"@type\":\"SearchAction\",\"target\":{\"@type\":\"EntryPoint\",\"urlTemplate\":\"https:\\\/\\\/christianaaloneftis.com\\\/?s={search_term_string}\"},\"query-input\":{\"@type\":\"PropertyValueSpecification\",\"valueRequired\":true,\"valueName\":\"search_term_string\"}}],\"inLanguage\":\"de\"},{\"@type\":[\"Person\",\"Organization\"],\"@id\":\"https:\\\/\\\/christianaaloneftis.com\\\/#\\\/schema\\\/person\\\/fef33a9266dd65091195c3c3272e9e85\",\"name\":\"Christiana Aloneftis\",\"image\":{\"@type\":\"ImageObject\",\"inLanguage\":\"de\",\"@id\":\"https:\\\/\\\/christianaaloneftis.com\\\/wp-content\\\/uploads\\\/2020\\\/07\\\/CHR0003-Masterclass-Branding-FA_Masterclass-Brand.png\",\"url\":\"https:\\\/\\\/christianaaloneftis.com\\\/wp-content\\\/uploads\\\/2020\\\/07\\\/CHR0003-Masterclass-Branding-FA_Masterclass-Brand.png\",\"contentUrl\":\"https:\\\/\\\/christianaaloneftis.com\\\/wp-content\\\/uploads\\\/2020\\\/07\\\/CHR0003-Masterclass-Branding-FA_Masterclass-Brand.png\",\"width\":949,\"height\":263,\"caption\":\"Christiana Aloneftis\"},\"logo\":{\"@id\":\"https:\\\/\\\/christianaaloneftis.com\\\/wp-content\\\/uploads\\\/2020\\\/07\\\/CHR0003-Masterclass-Branding-FA_Masterclass-Brand.png\"},\"sameAs\":[\"http:\\\/\\\/christianaaloneftis.com\"]}]}<\/script>\n<!-- \/ Yoast SEO plugin. -->","yoast_head_json":{"title":"Impressum | Christiana Aloneftis","robots":{"index":"index","follow":"follow","max-snippet":"max-snippet:-1","max-image-preview":"max-image-preview:large","max-video-preview":"max-video-preview:-1"},"canonical":"https:\/\/christianaaloneftis.com\/de\/impressum\/","og_locale":"de_DE","og_type":"article","og_title":"Impressum | Christiana Aloneftis","og_description":"Angaben gem\u00e4\u00df \u00a7 5 TMG Christiana AloneftisM\u00fcnchen \u00a0 Vertreten durch: Christiana Aloneftis \u00a0 Kontakt: E-Mail: contact@christianaaloneftis.com \u00a0 Umsatzsteuer-ID: Umsatzsteuer-Identifikationsnummer gem\u00e4\u00df \u00a727a Umsatzsteuergesetz: 14410691923 Wirtschafts-ID: 14410691923 Haftungsausschluss: Haftung f\u00fcr Links Unser Angebot enth\u00e4lt Links zu externen Webseiten Dritter, auf deren Inhalte wir keinen Einfluss haben. Deshalb k\u00f6nnen wir f\u00fcr diese fremden Inhalte auch keine Gew\u00e4hr \u00fcbernehmen. [&hellip;]","og_url":"https:\/\/christianaaloneftis.com\/de\/impressum\/","og_site_name":"Christiana Aloneftis","article_modified_time":"2020-04-23T12:57:54+00:00","twitter_card":"summary_large_image","twitter_misc":{"Gesch\u00e4tzte Lesezeit":"2\u00a0Minuten"},"schema":{"@context":"https:\/\/schema.org","@graph":[{"@type":"WebPage","@id":"https:\/\/christianaaloneftis.com\/impressum\/","url":"https:\/\/christianaaloneftis.com\/impressum\/","name":"Impressum | Christiana Aloneftis","isPartOf":{"@id":"https:\/\/christianaaloneftis.com\/#website"},"datePublished":"2020-04-16T11:46:59+00:00","dateModified":"2020-04-23T12:57:54+00:00","breadcrumb":{"@id":"https:\/\/christianaaloneftis.com\/impressum\/#breadcrumb"},"inLanguage":"de","potentialAction":[{"@type":"ReadAction","target":["https:\/\/christianaaloneftis.com\/impressum\/"]}]},{"@type":"BreadcrumbList","@id":"https:\/\/christianaaloneftis.com\/impressum\/#breadcrumb","itemListElement":[{"@type":"ListItem","position":1,"name":"Home","item":"https:\/\/christianaaloneftis.com\/"},{"@type":"ListItem","position":2,"name":"Impressum"}]},{"@type":"WebSite","@id":"https:\/\/christianaaloneftis.com\/#website","url":"https:\/\/christianaaloneftis.com\/","name":"Christiana Aloneftis \u2013 Soprano","description":"Greek-Cypriot Australian Soprano Lirico","publisher":{"@id":"https:\/\/christianaaloneftis.com\/#\/schema\/person\/fef33a9266dd65091195c3c3272e9e85"},"potentialAction":[{"@type":"SearchAction","target":{"@type":"EntryPoint","urlTemplate":"https:\/\/christianaaloneftis.com\/?s={search_term_string}"},"query-input":{"@type":"PropertyValueSpecification","valueRequired":true,"valueName":"search_term_string"}}],"inLanguage":"de"},{"@type":["Person","Organization"],"@id":"https:\/\/christianaaloneftis.com\/#\/schema\/person\/fef33a9266dd65091195c3c3272e9e85","name":"Christiana Aloneftis","image":{"@type":"ImageObject","inLanguage":"de","@id":"https:\/\/christianaaloneftis.com\/wp-content\/uploads\/2020\/07\/CHR0003-Masterclass-Branding-FA_Masterclass-Brand.png","url":"https:\/\/christianaaloneftis.com\/wp-content\/uploads\/2020\/07\/CHR0003-Masterclass-Branding-FA_Masterclass-Brand.png","contentUrl":"https:\/\/christianaaloneftis.com\/wp-content\/uploads\/2020\/07\/CHR0003-Masterclass-Branding-FA_Masterclass-Brand.png","width":949,"height":263,"caption":"Christiana Aloneftis"},"logo":{"@id":"https:\/\/christianaaloneftis.com\/wp-content\/uploads\/2020\/07\/CHR0003-Masterclass-Branding-FA_Masterclass-Brand.png"},"sameAs":["http:\/\/christianaaloneftis.com"]}]}},"_links":{"self":[{"href":"https:\/\/christianaaloneftis.com\/de\/wp-json\/wp\/v2\/pages\/382","targetHints":{"allow":["GET"]}}],"collection":[{"href":"https:\/\/christianaaloneftis.com\/de\/wp-json\/wp\/v2\/pages"}],"about":[{"href":"https:\/\/christianaaloneftis.com\/de\/wp-json\/wp\/v2\/types\/page"}],"author":[{"embeddable":true,"href":"https:\/\/christianaaloneftis.com\/de\/wp-json\/wp\/v2\/users\/1"}],"replies":[{"embeddable":true,"href":"https:\/\/christianaaloneftis.com\/de\/wp-json\/wp\/v2\/comments?post=382"}],"version-history":[{"count":4,"href":"https:\/\/christianaaloneftis.com\/de\/wp-json\/wp\/v2\/pages\/382\/revisions"}],"predecessor-version":[{"id":552,"href":"https:\/\/christianaaloneftis.com\/de\/wp-json\/wp\/v2\/pages\/382\/revisions\/552"}],"wp:attachment":[{"href":"https:\/\/christianaaloneftis.com\/de\/wp-json\/wp\/v2\/media?parent=382"}],"curies":[{"name":"wp","href":"https:\/\/api.w.org\/{rel}","templated":true}]}}